{"id":4246,"date":"2018-06-15T11:23:06","date_gmt":"2018-06-15T11:23:06","guid":{"rendered":"https:\/\/www.machetecompany.es\/?page_id=4246"},"modified":"2019-03-25T20:07:17","modified_gmt":"2019-03-25T20:07:17","slug":"about","status":"publish","type":"page","link":"https:\/\/www.machetecompany.es\/en\/about\/","title":{"rendered":"ABOUT"},"content":{"rendered":"\n[et_pb_section bb_built=&#8221;1&#8243; fullwidth=&#8221;off&#8221; specialty=&#8221;off&#8221; next_background_color=&#8221;#000000&#8243;][et_pb_row background_position=&#8221;top_left&#8221; background_repeat=&#8221;repeat&#8221; background_size=&#8221;initial&#8221;][et_pb_column type=&#8221;4_4&#8243;][et_pb_image src=&#8221;https:\/\/machetecompany.es\/wp-content\/uploads\/2018\/05\/WEAREJUNGLE-1.jpg&#8221; show_in_lightbox=&#8221;off&#8221; url_new_window=&#8221;off&#8221; use_overlay=&#8221;off&#8221; animation=&#8221;fade_in&#8221; sticky=&#8221;off&#8221; align=&#8221;center&#8221; force_fullwidth=&#8221;off&#8221; always_center_on_mobile=&#8221;on&#8221; use_border_color=&#8221;off&#8221; border_color=&#8221;#ffffff&#8221; border_style=&#8221;solid&#8221; alt=&#8221;Monster&#8221; title_text=&#8221;Monster&#8221; max_width=&#8221;500px&#8221; animation_style=&#8221;fade&#8221; animation_duration=&#8221;500ms&#8221; animation_intensity_slide=&#8221;10%&#8221; animation_direction=&#8221;center&#8221; show_bottom_space=&#8221;on&#8221;]\r\n\r\n&nbsp;\r\n\r\n[\/et_pb_image][\/et_pb_column][\/et_pb_row][\/et_pb_section][et_pb_section bb_built=&#8221;1&#8243; admin_label=&#8221;section&#8221; prev_background_color=&#8221;#000000&#8243; next_background_color=&#8221;#000000&#8243;][et_pb_row admin_label=&#8221;row&#8221; background_position=&#8221;top_left&#8221; background_repeat=&#8221;repeat&#8221; background_size=&#8221;initial&#8221;][et_pb_column type=&#8221;4_4&#8243;][et_pb_text use_border_color=&#8221;off&#8221; text_font=&#8221;Open Sans||||&#8221; text_line_height=&#8221;2.3em&#8221; background_position=&#8221;top_left&#8221; background_repeat=&#8221;repeat&#8221; background_size=&#8221;initial&#8221; _builder_version=&#8221;3.2.2&#8243;]\r\n\r\nMachete Company was born in the southwest of Galicia with the idea of showing our particular jungle to the rest of the world. Our personal point of view on skateboard, surfing and motorcycles.\r\n<p class=\"p1\">WE ARE JUNGLE is our maxim, ramps, the sea, nature, roads are our paradise. We would like to show you everything that we are interested in and that we love. We hope you like it and you enjoy it such as we do.<\/p>\r\n<p class=\"p1\">Our <strong>Philosoy<\/strong> about our gods, is the creation of manufactured products through economically-sound processes that minimize negative environmental impacts while conserving energy and natural resources. Sustainable manufacturing also enhances employee, community, and product safety.<\/p>\r\n\r\n<div class=\"page\" title=\"Page 5\">\r\n<div class=\"section\">\r\n<div class=\"layoutArea\">\r\n<div class=\"column\">\r\n\r\nMachete Company recognises that garment manufacturing is one of the most environmentally damaging and harmful industrial sectors on the planet, and takes decisive and often pioneering steps towards addressing the many negative impacts. Starting with the sourcing of raw materials, the Company ensures full traceability of all fibres, choosing low impact cotton, Tencel\u00ae Lyocel, bamboo viscose and recycled polyester in the Continental\u00ae range, 100% certified organic cotton in the EarthPositive\u00ae range, and<strong> recycled organic cotton<\/strong> blended with recycled polyester in the Salvage\u00ae range.\r\n<div class=\"page\" title=\"Page 4\">\r\n<div class=\"section\">\r\n<div class=\"layoutArea\">\r\n<div class=\"column\">\r\n\r\nMachete Company works with Fair Wear Foundation stamp. Every work area is under regular controls to get a company&#8217;s commitment to social causes and control programs to support introduced standards by International Labour Organization, Ethic Trading Initiative and many other international organizations. No use of child labour \/ No use of forced labour \/ Safe and healthy working conditions \/ Legal labour contracts \/ Payment of living wage \/ Freedom of association and the right to collective bargaining \/ No discrimination against employees \/ No excessive hours of work.\r\n\r\nThe <strong>quality<\/strong> of our yarns and fabrics is the foundation to delivering the highest quality garments. During manufacturing <strong>process<\/strong> the good management of almost 70% of the used threads in the production as a part of his vertical process, attending to the extern obtention. Every thread that we use, are completely combed and ring threaded.\r\n<div class=\"page\" title=\"Page 6\">\r\n<div class=\"section\">\r\n<div class=\"layoutArea\">\r\n<div class=\"column\">\r\n\r\nAll the fabrics are knitted at our in-house facilities, and dyed with GOTS approved chemicals, using low-water and controlled waste discharge processes, certified to OekoTex 100 Class I standard and conforming to REACH.\r\n\r\nOrganic certified fabrics are dyed in our zero-discharge dyehouse, where all the water is recycled in a closed-loop system.\r\n\r\n<\/div>\r\n<\/div>\r\n<\/div>\r\n<\/div>\r\n<\/div>\r\n<\/div>\r\n<\/div>\r\n<\/div>\r\n<\/div>\r\n<\/div>\r\n<\/div>\r\n<div class=\"section\">\r\n<div class=\"layoutArea\">\r\n<div class=\"column\">\r\n<div class=\"page\" title=\"Page 4\">\r\n<div class=\"section\">\r\n<div class=\"layoutArea\">\r\n<div class=\"column\">\r\n<div class=\"page\" title=\"Page 6\">\r\n<div class=\"section\">\r\n<div class=\"layoutArea\">\r\n<div class=\"column\">\r\n<div class=\"page\" title=\"Page 7\">\r\n<div class=\"section\">\r\n<div class=\"layoutArea\">\r\n<div class=\"column\">\r\n\r\n&nbsp;\r\n\r\n<\/div>\r\n<\/div>\r\n<\/div>\r\n<\/div>\r\n<\/div>\r\n<\/div>\r\n<\/div>\r\n<\/div>\r\n<\/div>\r\n<\/div>\r\n<\/div>\r\n<\/div>\r\n<\/div>\r\n<\/div>\r\n<\/div>\r\n<\/div>\r\n<!--:-->\r\n\r\n[\/et_pb_text][et_pb_image src=&#8221;https:\/\/machetecompany.es\/wp-content\/uploads\/2014\/04\/earthpositive.jpg&#8221; show_in_lightbox=&#8221;off&#8221; url_new_window=&#8221;off&#8221; use_overlay=&#8221;off&#8221; animation=&#8221;fade_in&#8221; sticky=&#8221;off&#8221; align=&#8221;center&#8221; force_fullwidth=&#8221;off&#8221; always_center_on_mobile=&#8221;on&#8221; use_border_color=&#8221;off&#8221; border_color=&#8221;#ffffff&#8221; border_style=&#8221;solid&#8221; custom_margin=&#8221;30px||30px|&#8221; animation_style=&#8221;fade&#8221; animation_duration=&#8221;500ms&#8221; animation_intensity_slide=&#8221;10%&#8221; animation_direction=&#8221;center&#8221; show_bottom_space=&#8221;on&#8221;]\r\n\r\n&nbsp;\r\n\r\n[\/et_pb_image][et_pb_text background_layout=&#8221;light&#8221; text_orientation=&#8221;left&#8221; use_border_color=&#8221;off&#8221; border_color=&#8221;#ffffff&#8221; border_style=&#8221;solid&#8221; background_position=&#8221;top_left&#8221; background_repeat=&#8221;repeat&#8221; background_size=&#8221;initial&#8221; _builder_version=&#8221;3.2.2&#8243;]\r\n\r\n<hr \/>\r\n\r\n&nbsp;\r\n\r\n[\/et_pb_text][\/et_pb_column][\/et_pb_row][\/et_pb_section][et_pb_section bb_built=&#8221;1&#8243; fullwidth=&#8221;off&#8221; specialty=&#8221;off&#8221; prev_background_color=&#8221;#000000&#8243;][et_pb_row background_position=&#8221;top_left&#8221; background_repeat=&#8221;repeat&#8221; background_size=&#8221;initial&#8221;][et_pb_column type=&#8221;4_4&#8243;][\/et_pb_column][\/et_pb_row][\/et_pb_section]\n","protected":false},"excerpt":{"rendered":"<p>&nbsp; Machete Company was born in the southwest of Galicia with the idea of showing our particular jungle to the rest of the world. Our personal point of view on skateboard, surfing and motorcycles. WE ARE JUNGLE is our maxim, ramps, the sea, nature, roads are our paradise. We would like to show you everything [&hellip;]<\/p>\n","protected":false},"author":1,"featured_media":0,"parent":0,"menu_order":0,"comment_status":"closed","ping_status":"open","template":"","meta":{"_et_pb_use_builder":"on","_et_pb_old_content":"<p><!--:en--><a href=\"http:\/\/machetecompany.es\/wp-content\/uploads\/2014\/04\/Slide07.jpg\"><img class=\"alignnone size-full wp-image-192\" src=\"http:\/\/machetecompany.es\/wp-content\/uploads\/2014\/04\/Slide07.jpg\" alt=\"Slide07\" width=\"1000\" height=\"639\" \/><\/a><\/p><p>\u00a0<\/p><p>Machete Company nace en el suroeste gallego con la idea de mostrar al resto del mundo nuestra jungla particular, desde la \u00f3ptica personal del skateboard, surfing & motocicletas.<\/p><p class=\"p1\">WE ARE JUNGLE es nuestro lema, las transiciones, el mar, la naturaleza y la carretera, nuestro para\u00edso. Queremos mostraros a trav\u00e9s de esta plataforma todo lo que a nosotros nos interesa y amamos, esperamos que os guste y disfrut\u00e9is de ello tanto como nosotros.<\/p><p class=\"p1\">Nuestra <strong>filosof\u00eda<\/strong> con respecto a nuestros productos, es la creacio\u0301n de productos manufacturados a trave\u0301s de procesos econo\u0301micamente so\u0301lidos que minimizan el impacto sobre el medio ambiente mientras que conservan energi\u0301a y recursos naturales. La manufacturacio\u0301n sostenible adema\u0301s mejora la seguridad de los empleados, comunidad y productos.<\/p><div class=\"page\" title=\"Page 5\"><div class=\"section\"><div class=\"layoutArea\"><div class=\"column\"><p>Machete Company\u00a0reconoce que la industria del textil es una de las ma\u0301s perjudiciales y dan\u0303inas para el planeta dentro de este sector y conlleva tomar pasos decisivos hacia muchos impactos negativos. Empezando por la obtencio\u0301n de la materia prima, la empresa asegura total trazabilidad de las fibras, eligiendo algodo\u0301n de bajo impacto, Tencel\u00ae Lyocel, viscosa de bambu\u0301 y polie\u0301ster reciclado, algodo\u0301n orga\u0301nico 100% certificado y algodo\u0301n orga\u0301nico reciclado mezclado con polie\u0301ster.<\/p><div class=\"page\" title=\"Page 4\"><div class=\"section\"><div class=\"layoutArea\"><div class=\"column\"><p>Machete Company lleva el sello de\u00a0\u00a0Fair Wear Foundation. Todas las a\u0301reas de trabajo se someten a controles regulares para un <strong>compromiso social<\/strong> y llevan a cabo programas de control de acuerdo con las normas implantadas por la International Labour Organisation, la E\u0301tica Trading Initiative y otras organizaciones internacionales.<\/p><p>No a la explotacio\u0301n infantil \/ No al trabajo forzado \/ Condiciones de trabajo seguras \/ Contratos laborales legales. \/ Pago de un salario digno \/ Libertad de asociacio\u0301n y derecho de negociaci\u00f3n colectiva \/ No a horas de trabajo excesivas \/ No a la discriminacio\u0301n contra empleados.<\/p><p>La <strong>calidad<\/strong> de nuestras telas e hilos es el fundamento de nuestro propo\u0301sito por hacer prendas de gran calidad.<\/p><div class=\"page\" title=\"Page 6\"><div class=\"section\"><div class=\"layoutArea\"><div class=\"column\"><p>Durante la fabricaci\u00f3n se\u00a0controla el <strong>proceso<\/strong> de spinning de casi el 70% de los\u00a0hilos utilizados en la produccio\u0301n como parte de su estructura de proceso verticalmente integrada, sin olvidarnos de la obtencio\u0301n externa. Todos los hilos que usados\u00a0son enteramente peinados y de hilado de anillo.<\/p><p>Todas las telas esta\u0301n tejidas y ten\u0303idas con qui\u0301micos aprobados por la GOTS, utilizando procesos controlados de descarga de desperdicio y bajo nivel de agua, certificado por OekoTex 100 Class I standard y conforme a REACH.<\/p><p>Telas orga\u0301nicas certificadas son ten\u0303idas en tintoreri\u0301as de cero-descarga, donde el agua es reciclada en un sistema de circuito cerrado.<\/p><p>\u00a0<\/p><p><a href=\"http:\/\/machetecompany.es\/wp-content\/uploads\/2014\/04\/earthpositive.jpg\"><img class=\"aligncenter size-full wp-image-2314\" src=\"http:\/\/machetecompany.es\/wp-content\/uploads\/2014\/04\/earthpositive.jpg\" alt=\"earthpositive\" width=\"329\" height=\"100\" \/><\/a><\/p><div class=\"page\" title=\"Page 7\"><div class=\"section\"><div class=\"layoutArea\"><div class=\"column\"><p>\u00a0<\/p><\/div><\/div><\/div><\/div><\/div><\/div><\/div><\/div><\/div><\/div><\/div><\/div><p>\u00a0<\/p><\/div><\/div><\/div><\/div><p><!--:--><\/p>","_et_gb_content_width":"","footnotes":""},"class_list":["post-4246","page","type-page","status-publish","hentry"],"yoast_head":"<!-- This site is optimized with the Yoast SEO plugin v27.0 - https:\/\/yoast.com\/product\/yoast-seo-wordpress\/ -->\n<title>ABOUT - Machete Company<\/title>\n<meta name=\"description\" content=\"WE ARE JUNGLE is our maxim, ramps, the sea, nature, roads are our paradise. We would like to show you everything that we are interested in and that we love. We hope you like it and you enjoy it such as we do.\" \/>\n<meta name=\"robots\" content=\"index, follow, max-snippet:-1, max-image-preview:large, max-video-preview:-1\" \/>\n<link rel=\"canonical\" href=\"https:\/\/www.machetecompany.es\/en\/about\/\" \/>\n<meta property=\"og:locale\" content=\"en_US\" \/>\n<meta property=\"og:type\" content=\"article\" \/>\n<meta property=\"og:title\" content=\"ABOUT - Machete Company\" \/>\n<meta property=\"og:description\" content=\"WE ARE JUNGLE is our maxim, ramps, the sea, nature, roads are our paradise. We would like to show you everything that we are interested in and that we love. We hope you like it and you enjoy it such as we do.\" \/>\n<meta property=\"og:url\" content=\"https:\/\/www.machetecompany.es\/en\/about\/\" \/>\n<meta property=\"og:site_name\" content=\"Machete Company\" \/>\n<meta property=\"article:publisher\" content=\"https:\/\/www.facebook.com\/pages\/Machete-Company\/1409890039258060\" \/>\n<meta property=\"article:modified_time\" content=\"2019-03-25T20:07:17+00:00\" \/>\n<meta name=\"twitter:label1\" content=\"Est. reading time\" \/>\n\t<meta name=\"twitter:data1\" content=\"4 minutes\" \/>\n<script type=\"application\/ld+json\" class=\"yoast-schema-graph\">{\"@context\":\"https:\/\/schema.org\",\"@graph\":[{\"@type\":\"WebPage\",\"@id\":\"https:\/\/www.machetecompany.es\/en\/about\/\",\"url\":\"https:\/\/www.machetecompany.es\/en\/about\/\",\"name\":\"ABOUT - Machete Company\",\"isPartOf\":{\"@id\":\"https:\/\/www.machetecompany.es\/en\/#website\"},\"datePublished\":\"2018-06-15T11:23:06+00:00\",\"dateModified\":\"2019-03-25T20:07:17+00:00\",\"description\":\"WE ARE JUNGLE is our maxim, ramps, the sea, nature, roads are our paradise. We would like to show you everything that we are interested in and that we love. We hope you like it and you enjoy it such as we do.\",\"breadcrumb\":{\"@id\":\"https:\/\/www.machetecompany.es\/en\/about\/#breadcrumb\"},\"inLanguage\":\"en-US\",\"potentialAction\":[{\"@type\":\"ReadAction\",\"target\":[\"https:\/\/www.machetecompany.es\/en\/about\/\"]}]},{\"@type\":\"BreadcrumbList\",\"@id\":\"https:\/\/www.machetecompany.es\/en\/about\/#breadcrumb\",\"itemListElement\":[{\"@type\":\"ListItem\",\"position\":1,\"name\":\"Portada\",\"item\":\"https:\/\/www.machetecompany.es\/en\/\"},{\"@type\":\"ListItem\",\"position\":2,\"name\":\"ABOUT\"}]},{\"@type\":\"WebSite\",\"@id\":\"https:\/\/www.machetecompany.es\/en\/#website\",\"url\":\"https:\/\/www.machetecompany.es\/en\/\",\"name\":\"Machete Company\",\"description\":\"\",\"potentialAction\":[{\"@type\":\"SearchAction\",\"target\":{\"@type\":\"EntryPoint\",\"urlTemplate\":\"https:\/\/www.machetecompany.es\/en\/?s={search_term_string}\"},\"query-input\":{\"@type\":\"PropertyValueSpecification\",\"valueRequired\":true,\"valueName\":\"search_term_string\"}}],\"inLanguage\":\"en-US\"}]}<\/script>\n<!-- \/ Yoast SEO plugin. -->","yoast_head_json":{"title":"ABOUT - Machete Company","description":"WE ARE JUNGLE is our maxim, ramps, the sea, nature, roads are our paradise. We would like to show you everything that we are interested in and that we love. We hope you like it and you enjoy it such as we do.","robots":{"index":"index","follow":"follow","max-snippet":"max-snippet:-1","max-image-preview":"max-image-preview:large","max-video-preview":"max-video-preview:-1"},"canonical":"https:\/\/www.machetecompany.es\/en\/about\/","og_locale":"en_US","og_type":"article","og_title":"ABOUT - Machete Company","og_description":"WE ARE JUNGLE is our maxim, ramps, the sea, nature, roads are our paradise. We would like to show you everything that we are interested in and that we love. We hope you like it and you enjoy it such as we do.","og_url":"https:\/\/www.machetecompany.es\/en\/about\/","og_site_name":"Machete Company","article_publisher":"https:\/\/www.facebook.com\/pages\/Machete-Company\/1409890039258060","article_modified_time":"2019-03-25T20:07:17+00:00","twitter_misc":{"Est. reading time":"4 minutes"},"schema":{"@context":"https:\/\/schema.org","@graph":[{"@type":"WebPage","@id":"https:\/\/www.machetecompany.es\/en\/about\/","url":"https:\/\/www.machetecompany.es\/en\/about\/","name":"ABOUT - Machete Company","isPartOf":{"@id":"https:\/\/www.machetecompany.es\/en\/#website"},"datePublished":"2018-06-15T11:23:06+00:00","dateModified":"2019-03-25T20:07:17+00:00","description":"WE ARE JUNGLE is our maxim, ramps, the sea, nature, roads are our paradise. We would like to show you everything that we are interested in and that we love. We hope you like it and you enjoy it such as we do.","breadcrumb":{"@id":"https:\/\/www.machetecompany.es\/en\/about\/#breadcrumb"},"inLanguage":"en-US","potentialAction":[{"@type":"ReadAction","target":["https:\/\/www.machetecompany.es\/en\/about\/"]}]},{"@type":"BreadcrumbList","@id":"https:\/\/www.machetecompany.es\/en\/about\/#breadcrumb","itemListElement":[{"@type":"ListItem","position":1,"name":"Portada","item":"https:\/\/www.machetecompany.es\/en\/"},{"@type":"ListItem","position":2,"name":"ABOUT"}]},{"@type":"WebSite","@id":"https:\/\/www.machetecompany.es\/en\/#website","url":"https:\/\/www.machetecompany.es\/en\/","name":"Machete Company","description":"","potentialAction":[{"@type":"SearchAction","target":{"@type":"EntryPoint","urlTemplate":"https:\/\/www.machetecompany.es\/en\/?s={search_term_string}"},"query-input":{"@type":"PropertyValueSpecification","valueRequired":true,"valueName":"search_term_string"}}],"inLanguage":"en-US"}]}},"jetpack_sharing_enabled":true,"_links":{"self":[{"href":"https:\/\/www.machetecompany.es\/en\/wp-json\/wp\/v2\/pages\/4246","targetHints":{"allow":["GET"]}}],"collection":[{"href":"https:\/\/www.machetecompany.es\/en\/wp-json\/wp\/v2\/pages"}],"about":[{"href":"https:\/\/www.machetecompany.es\/en\/wp-json\/wp\/v2\/types\/page"}],"author":[{"embeddable":true,"href":"https:\/\/www.machetecompany.es\/en\/wp-json\/wp\/v2\/users\/1"}],"replies":[{"embeddable":true,"href":"https:\/\/www.machetecompany.es\/en\/wp-json\/wp\/v2\/comments?post=4246"}],"version-history":[{"count":5,"href":"https:\/\/www.machetecompany.es\/en\/wp-json\/wp\/v2\/pages\/4246\/revisions"}],"predecessor-version":[{"id":4895,"href":"https:\/\/www.machetecompany.es\/en\/wp-json\/wp\/v2\/pages\/4246\/revisions\/4895"}],"wp:attachment":[{"href":"https:\/\/www.machetecompany.es\/en\/wp-json\/wp\/v2\/media?parent=4246"}],"curies":[{"name":"wp","href":"https:\/\/api.w.org\/{rel}","templated":true}]}}