{"id":11216,"date":"2024-09-17T11:50:00","date_gmt":"2024-09-17T11:50:06","guid":{"rendered":"https:\/\/www.machetecompany.es\/?post_type=product&#038;p=11216"},"modified":"2024-09-17T12:54:31","modified_gmt":"2024-09-17T12:54:31","slug":"cargo-pant-copia","status":"publish","type":"product","link":"https:\/\/www.machetecompany.es\/en\/tienda\/boardshorts\/cargo-pant-copia\/","title":{"rendered":"MACHETE BOARDSHORTS"},"content":{"rendered":"<p>[et_pb_section fb_built=&#8221;1&#8243; _builder_version=&#8221;4.16&#8243; custom_padding=&#8221;0px||||false|false&#8221; global_colors_info=&#8221;{}&#8221;][et_pb_row _builder_version=&#8221;4.16&#8243; background_size=&#8221;initial&#8221; background_position=&#8221;top_left&#8221; background_repeat=&#8221;repeat&#8221; width=&#8221;100%&#8221; custom_padding=&#8221;0px||0px||false|false&#8221; global_colors_info=&#8221;{}&#8221;][et_pb_column type=&#8221;4_4&#8243; _builder_version=&#8221;4.16&#8243; custom_padding=&#8221;|||&#8221; global_colors_info=&#8221;{}&#8221; custom_padding__hover=&#8221;|||&#8221;][et_pb_wc_breadcrumb _builder_version=&#8221;4.16&#8243; global_colors_info=&#8221;{}&#8221;][\/et_pb_wc_breadcrumb][et_pb_wc_cart_notice _builder_version=&#8221;4.16&#8243; global_colors_info=&#8221;{}&#8221;][\/et_pb_wc_cart_notice][\/et_pb_column][\/et_pb_row][et_pb_row column_structure=&#8221;1_2,1_2&#8243; _builder_version=&#8221;4.16&#8243; background_size=&#8221;initial&#8221; background_position=&#8221;top_left&#8221; background_repeat=&#8221;repeat&#8221; width=&#8221;100%&#8221; custom_padding=&#8221;0px||||false|false&#8221; global_colors_info=&#8221;{}&#8221;][et_pb_column type=&#8221;1_2&#8243; _builder_version=&#8221;4.16&#8243; custom_padding=&#8221;|||&#8221; global_colors_info=&#8221;{}&#8221; custom_padding__hover=&#8221;|||&#8221;][et_pb_wc_images _builder_version=&#8221;4.16&#8243; global_colors_info=&#8221;{}&#8221;][\/et_pb_wc_images][\/et_pb_column][et_pb_column type=&#8221;1_2&#8243; _builder_version=&#8221;4.16&#8243; custom_padding=&#8221;|||&#8221; global_colors_info=&#8221;{}&#8221; custom_padding__hover=&#8221;|||&#8221;][et_pb_wc_title _builder_version=&#8221;4.16&#8243; global_colors_info=&#8221;{}&#8221;][\/et_pb_wc_title][et_pb_wc_rating _builder_version=&#8221;4.16&#8243; global_colors_info=&#8221;{}&#8221;][\/et_pb_wc_rating][et_pb_wc_price _builder_version=&#8221;4.16&#8243; global_colors_info=&#8221;{}&#8221;][\/et_pb_wc_price][et_pb_wc_description _builder_version=&#8221;4.16&#8243; global_colors_info=&#8221;{}&#8221;][\/et_pb_wc_description][et_pb_button button_url=&#8221;https:\/\/www.machetecompany.es\/wp-content\/uploads\/2021\/07\/MEDIDAS_ENDURO.jpg&#8221; url_new_window=&#8221;on&#8221; button_text=&#8221;MEDIDAS&#8221; _builder_version=&#8221;4.16&#8243; _module_preset=&#8221;default&#8221; custom_button=&#8221;on&#8221; button_text_size=&#8221;12px&#8221; button_text_color=&#8221;#FFFFFF&#8221; button_bg_color=&#8221;#000000&#8243; button_border_width=&#8221;2px&#8221; global_colors_info=&#8221;{}&#8221;][\/et_pb_button][et_pb_wc_add_to_cart _builder_version=&#8221;4.16&#8243; global_colors_info=&#8221;{}&#8221;][\/et_pb_wc_add_to_cart][et_pb_wc_meta _builder_version=&#8221;4.16&#8243; global_colors_info=&#8221;{}&#8221;][\/et_pb_wc_meta][\/et_pb_column][\/et_pb_row][et_pb_row _builder_version=&#8221;4.16&#8243; background_size=&#8221;initial&#8221; background_position=&#8221;top_left&#8221; background_repeat=&#8221;repeat&#8221; width=&#8221;100%&#8221; global_colors_info=&#8221;{}&#8221;][et_pb_column type=&#8221;4_4&#8243; _builder_version=&#8221;4.16&#8243; custom_padding=&#8221;|||&#8221; global_colors_info=&#8221;{}&#8221; custom_padding__hover=&#8221;|||&#8221;][et_pb_wc_tabs _builder_version=&#8221;4.16&#8243; global_colors_info=&#8221;{}&#8221;]\t\t\t\t\t[\/et_pb_wc_tabs][et_pb_wc_upsells _builder_version=&#8221;4.16&#8243; global_colors_info=&#8221;{}&#8221;][\/et_pb_wc_upsells][et_pb_wc_related_products _builder_version=&#8221;4.16&#8243; global_colors_info=&#8221;{}&#8221;][\/et_pb_wc_related_products][\/et_pb_column][\/et_pb_row][\/et_pb_section]<\/p>\n","protected":false},"excerpt":{"rendered":"<p>Military cargo pant, made of 100% cotton, High quailty canvas, Oversize.<\/p>\n","protected":false},"featured_media":11209,"comment_status":"closed","ping_status":"closed","template":"","meta":{"_et_pb_use_builder":"on","_et_pb_old_content":"<strong>DESCRIPCI\u00d3N<\/strong> DEL BA\u00d1ADOR DE MACHETE COMPANY\r\nBa\u00f1ador 100% poli\u00e9ster microfibra con forro 100 % poli\u00e9ster de malla interior. Cintura el\u00e1stica con cord\u00f3n del mismo tono, dos bolsillos laterales, bolsillo en la solapa trasera con Velcro y aberturas laterales.\r\n\r\n<strong>INDICACIONES DE LAVADO<\/strong> DEL BA\u00d1ADOR DE MACHETE COMPANY\r\nEn cuanto a las indicaciones de lavado, se puede lavar en lavadora con agua fr\u00eda, secar al aire, evitar cualquier tipo de secadora, podr\u00eda afectar a ciertas partes del ba\u00f1ador. No utilizar plancha.\r\n\r\n<strong>CONDICIONES DE PAGO<\/strong> DEL BA\u00d1ADOR DE MACHETE COMPANY\r\nMachete Company te ofrece diferentes medios de pago. Se aceptan pagos mediante PayPal, con tu tarjeta de cr\u00e9dito o d\u00e9bito, bizum, o si lo prefieres nos puedes pagar por transferencia bancaria.\r\n\r\n<strong>CONDICIONES DE ENTREGA<\/strong> DEL BA\u00d1ADOR DE MACHETE COMPANY\r\nEn Machete Company la entrega de los pedidos se realiza mediante el servicio de Seur en un plazo de 1 a 3 d\u00edas laborables (este plazo es orientativo). Solemos cumplir con nuestras previsiones en el tiempo de entrega, aunque no podemos garantizar la puntualidad de las mismas.\r\n\r\nRealizamos las entregas de lunes a viernes, y nunca en d\u00edas festivos. Por favor, ten en cuenta que las entregas se realizan en horario laboral, por eso te recomendamos que utilices una direcci\u00f3n de env\u00edo en la que alguien pueda atender la entrega.\r\n\r\n<strong>CONDICIONES DE DEVOLUCI\u00d3N<\/strong> DEL BA\u00d1ADOR DE MACHETE COMPANY\r\nEn caso de querer devolver el ba\u00f1ador Machete Company, dispones de un plazo de 30 d\u00edas para hacerlo, porque el art\u00edculo est\u00e9 defectuoso. Procederemos al reintegro del importe cobrado en cuanto recibamos el art\u00edculo.","_et_gb_content_width":""},"product_brand":[],"product_cat":[246],"product_tag":[],"class_list":{"0":"post-11216","1":"product","2":"type-product","3":"status-publish","4":"has-post-thumbnail","6":"product_cat-boardshorts","8":"first","9":"instock","10":"shipping-taxable","11":"purchasable","12":"product-type-variable"},"yoast_head":"<!-- This site is optimized with the Yoast SEO plugin v27.0 - https:\/\/yoast.com\/product\/yoast-seo-wordpress\/ -->\n<title>MACHETE BOARDSHORTS | MACHETE COMPANY<\/title>\n<meta name=\"description\" content=\"Machete company swimming costume in 100% polyester microfibre 2 side pockets and back flap pocket with Velcro I Buy it On line\" \/>\n<meta name=\"robots\" content=\"index, follow, max-snippet:-1, max-image-preview:large, max-video-preview:-1\" \/>\n<link rel=\"canonical\" href=\"https:\/\/www.machetecompany.es\/en\/tienda\/boardshorts\/cargo-pant-copia\/\" \/>\n<meta property=\"og:locale\" content=\"en_US\" \/>\n<meta property=\"og:type\" content=\"article\" \/>\n<meta property=\"og:title\" content=\"MACHETE BOARDSHORTS | MACHETE COMPANY\" \/>\n<meta property=\"og:description\" content=\"Machete company swimming costume in 100% polyester microfibre 2 side pockets and back flap pocket with Velcro I Buy it On line\" \/>\n<meta property=\"og:url\" content=\"https:\/\/www.machetecompany.es\/en\/tienda\/boardshorts\/cargo-pant-copia\/\" \/>\n<meta property=\"og:site_name\" content=\"Machete Company\" \/>\n<meta property=\"article:publisher\" content=\"https:\/\/www.facebook.com\/pages\/Machete-Company\/1409890039258060\" \/>\n<meta property=\"article:modified_time\" content=\"2024-09-17T12:54:31+00:00\" \/>\n<meta property=\"og:image\" content=\"https:\/\/www.machetecompany.es\/wp-content\/uploads\/2024\/09\/Banador_machete.jpg\" \/>\n\t<meta property=\"og:image:width\" content=\"960\" \/>\n\t<meta property=\"og:image:height\" content=\"1448\" \/>\n\t<meta property=\"og:image:type\" content=\"image\/jpeg\" \/>\n<meta name=\"twitter:label1\" content=\"Est. reading time\" \/>\n\t<meta name=\"twitter:data1\" content=\"2 minutes\" \/>\n<script type=\"application\/ld+json\" class=\"yoast-schema-graph\">{\"@context\":\"https:\/\/schema.org\",\"@graph\":[{\"@type\":\"WebPage\",\"@id\":\"https:\/\/www.machetecompany.es\/en\/tienda\/boardshorts\/cargo-pant-copia\/\",\"url\":\"https:\/\/www.machetecompany.es\/en\/tienda\/boardshorts\/cargo-pant-copia\/\",\"name\":\"MACHETE BOARDSHORTS | MACHETE COMPANY\",\"isPartOf\":{\"@id\":\"https:\/\/www.machetecompany.es\/en\/#website\"},\"primaryImageOfPage\":{\"@id\":\"https:\/\/www.machetecompany.es\/en\/tienda\/boardshorts\/cargo-pant-copia\/#primaryimage\"},\"image\":{\"@id\":\"https:\/\/www.machetecompany.es\/en\/tienda\/boardshorts\/cargo-pant-copia\/#primaryimage\"},\"thumbnailUrl\":\"https:\/\/www.machetecompany.es\/wp-content\/uploads\/2024\/09\/Banador_machete.jpg\",\"datePublished\":\"2024-09-17T11:50:06+00:00\",\"dateModified\":\"2024-09-17T12:54:31+00:00\",\"description\":\"Machete company swimming costume in 100% polyester microfibre 2 side pockets and back flap pocket with Velcro I Buy it On line\",\"breadcrumb\":{\"@id\":\"https:\/\/www.machetecompany.es\/en\/tienda\/boardshorts\/cargo-pant-copia\/#breadcrumb\"},\"inLanguage\":\"en-US\",\"potentialAction\":[{\"@type\":\"ReadAction\",\"target\":[\"https:\/\/www.machetecompany.es\/en\/tienda\/boardshorts\/cargo-pant-copia\/\"]}]},{\"@type\":\"ImageObject\",\"inLanguage\":\"en-US\",\"@id\":\"https:\/\/www.machetecompany.es\/en\/tienda\/boardshorts\/cargo-pant-copia\/#primaryimage\",\"url\":\"https:\/\/www.machetecompany.es\/wp-content\/uploads\/2024\/09\/Banador_machete.jpg\",\"contentUrl\":\"https:\/\/www.machetecompany.es\/wp-content\/uploads\/2024\/09\/Banador_machete.jpg\",\"width\":960,\"height\":1448},{\"@type\":\"BreadcrumbList\",\"@id\":\"https:\/\/www.machetecompany.es\/en\/tienda\/boardshorts\/cargo-pant-copia\/#breadcrumb\",\"itemListElement\":[{\"@type\":\"ListItem\",\"position\":1,\"name\":\"Portada\",\"item\":\"https:\/\/www.machetecompany.es\/en\/\"},{\"@type\":\"ListItem\",\"position\":2,\"name\":\"SHOP\",\"item\":\"https:\/\/www.machetecompany.es\/en\/shop\/\"},{\"@type\":\"ListItem\",\"position\":3,\"name\":\"MACHETE BOARDSHORTS\"}]},{\"@type\":\"WebSite\",\"@id\":\"https:\/\/www.machetecompany.es\/en\/#website\",\"url\":\"https:\/\/www.machetecompany.es\/en\/\",\"name\":\"Machete Company\",\"description\":\"\",\"potentialAction\":[{\"@type\":\"SearchAction\",\"target\":{\"@type\":\"EntryPoint\",\"urlTemplate\":\"https:\/\/www.machetecompany.es\/en\/?s={search_term_string}\"},\"query-input\":{\"@type\":\"PropertyValueSpecification\",\"valueRequired\":true,\"valueName\":\"search_term_string\"}}],\"inLanguage\":\"en-US\"}]}<\/script>\n<!-- \/ Yoast SEO plugin. -->","yoast_head_json":{"title":"MACHETE BOARDSHORTS | MACHETE COMPANY","description":"Machete company swimming costume in 100% polyester microfibre 2 side pockets and back flap pocket with Velcro I Buy it On line","robots":{"index":"index","follow":"follow","max-snippet":"max-snippet:-1","max-image-preview":"max-image-preview:large","max-video-preview":"max-video-preview:-1"},"canonical":"https:\/\/www.machetecompany.es\/en\/tienda\/boardshorts\/cargo-pant-copia\/","og_locale":"en_US","og_type":"article","og_title":"MACHETE BOARDSHORTS | MACHETE COMPANY","og_description":"Machete company swimming costume in 100% polyester microfibre 2 side pockets and back flap pocket with Velcro I Buy it On line","og_url":"https:\/\/www.machetecompany.es\/en\/tienda\/boardshorts\/cargo-pant-copia\/","og_site_name":"Machete Company","article_publisher":"https:\/\/www.facebook.com\/pages\/Machete-Company\/1409890039258060","article_modified_time":"2024-09-17T12:54:31+00:00","og_image":[{"width":960,"height":1448,"url":"https:\/\/www.machetecompany.es\/wp-content\/uploads\/2024\/09\/Banador_machete.jpg","type":"image\/jpeg"}],"twitter_misc":{"Est. reading time":"2 minutes"},"schema":{"@context":"https:\/\/schema.org","@graph":[{"@type":"WebPage","@id":"https:\/\/www.machetecompany.es\/en\/tienda\/boardshorts\/cargo-pant-copia\/","url":"https:\/\/www.machetecompany.es\/en\/tienda\/boardshorts\/cargo-pant-copia\/","name":"MACHETE BOARDSHORTS | MACHETE COMPANY","isPartOf":{"@id":"https:\/\/www.machetecompany.es\/en\/#website"},"primaryImageOfPage":{"@id":"https:\/\/www.machetecompany.es\/en\/tienda\/boardshorts\/cargo-pant-copia\/#primaryimage"},"image":{"@id":"https:\/\/www.machetecompany.es\/en\/tienda\/boardshorts\/cargo-pant-copia\/#primaryimage"},"thumbnailUrl":"https:\/\/www.machetecompany.es\/wp-content\/uploads\/2024\/09\/Banador_machete.jpg","datePublished":"2024-09-17T11:50:06+00:00","dateModified":"2024-09-17T12:54:31+00:00","description":"Machete company swimming costume in 100% polyester microfibre 2 side pockets and back flap pocket with Velcro I Buy it On line","breadcrumb":{"@id":"https:\/\/www.machetecompany.es\/en\/tienda\/boardshorts\/cargo-pant-copia\/#breadcrumb"},"inLanguage":"en-US","potentialAction":[{"@type":"ReadAction","target":["https:\/\/www.machetecompany.es\/en\/tienda\/boardshorts\/cargo-pant-copia\/"]}]},{"@type":"ImageObject","inLanguage":"en-US","@id":"https:\/\/www.machetecompany.es\/en\/tienda\/boardshorts\/cargo-pant-copia\/#primaryimage","url":"https:\/\/www.machetecompany.es\/wp-content\/uploads\/2024\/09\/Banador_machete.jpg","contentUrl":"https:\/\/www.machetecompany.es\/wp-content\/uploads\/2024\/09\/Banador_machete.jpg","width":960,"height":1448},{"@type":"BreadcrumbList","@id":"https:\/\/www.machetecompany.es\/en\/tienda\/boardshorts\/cargo-pant-copia\/#breadcrumb","itemListElement":[{"@type":"ListItem","position":1,"name":"Portada","item":"https:\/\/www.machetecompany.es\/en\/"},{"@type":"ListItem","position":2,"name":"SHOP","item":"https:\/\/www.machetecompany.es\/en\/shop\/"},{"@type":"ListItem","position":3,"name":"MACHETE BOARDSHORTS"}]},{"@type":"WebSite","@id":"https:\/\/www.machetecompany.es\/en\/#website","url":"https:\/\/www.machetecompany.es\/en\/","name":"Machete Company","description":"","potentialAction":[{"@type":"SearchAction","target":{"@type":"EntryPoint","urlTemplate":"https:\/\/www.machetecompany.es\/en\/?s={search_term_string}"},"query-input":{"@type":"PropertyValueSpecification","valueRequired":true,"valueName":"search_term_string"}}],"inLanguage":"en-US"}]}},"jetpack_sharing_enabled":true,"_links":{"self":[{"href":"https:\/\/www.machetecompany.es\/en\/wp-json\/wp\/v2\/product\/11216","targetHints":{"allow":["GET"]}}],"collection":[{"href":"https:\/\/www.machetecompany.es\/en\/wp-json\/wp\/v2\/product"}],"about":[{"href":"https:\/\/www.machetecompany.es\/en\/wp-json\/wp\/v2\/types\/product"}],"replies":[{"embeddable":true,"href":"https:\/\/www.machetecompany.es\/en\/wp-json\/wp\/v2\/comments?post=11216"}],"wp:featuredmedia":[{"embeddable":true,"href":"https:\/\/www.machetecompany.es\/en\/wp-json\/wp\/v2\/media\/11209"}],"wp:attachment":[{"href":"https:\/\/www.machetecompany.es\/en\/wp-json\/wp\/v2\/media?parent=11216"}],"wp:term":[{"taxonomy":"product_brand","embeddable":true,"href":"https:\/\/www.machetecompany.es\/en\/wp-json\/wp\/v2\/product_brand?post=11216"},{"taxonomy":"product_cat","embeddable":true,"href":"https:\/\/www.machetecompany.es\/en\/wp-json\/wp\/v2\/product_cat?post=11216"},{"taxonomy":"product_tag","embeddable":true,"href":"https:\/\/www.machetecompany.es\/en\/wp-json\/wp\/v2\/product_tag?post=11216"}],"curies":[{"name":"wp","href":"https:\/\/api.w.org\/{rel}","templated":true}]}}